{"id":2929,"date":"2018-05-25T13:53:52","date_gmt":"2018-05-25T11:53:52","guid":{"rendered":"https:\/\/almanimal.com\/?page_id=2929"},"modified":"2020-04-10T13:26:52","modified_gmt":"2020-04-10T11:26:52","slug":"mentions-legales","status":"publish","type":"page","link":"https:\/\/almanimal.com\/fr\/mentions-legales\/","title":{"rendered":"Avis juridique"},"content":{"rendered":"<h2>Coordonn\u00e9es du propri\u00e9taire<\/h2>\n<p>Conform\u00e9ment aux dispositions de la loi sur les services de la soci\u00e9t\u00e9 de l'information (LSSI), les utilisateurs sont inform\u00e9s des \u00e9l\u00e9ments suivants <a href=\"https:\/\/almanimal.com\/fr\/\">Almanimal.com<\/a> (ci-apr\u00e8s Almanimal) des donn\u00e9es du propri\u00e9taire de ce site web.<\/p>\n<p>Fresneda Consulting Limited<br \/>\nIsland Key, mur est<br \/>\nDublin, Irlande<br \/>\nCIF IE3590381PH<\/p>\n<p>Dans cet espace, les utilisateurs trouveront toutes les informations relatives aux conditions l\u00e9gales qui d\u00e9finissent la relation entre eux et Fresneda Consulting Limited en tant que responsable d'Almanimal. En tant qu'utilisateur, il est important que vous preniez connaissance de ces conditions avant de poursuivre votre navigation.<\/p>\n<p>Fresneda Consulting Limited, en tant que responsable d'Almanimal, s'engage \u00e0 traiter les informations de ses utilisateurs et clients avec toutes les garanties et \u00e0 se conformer aux exigences nationales et europ\u00e9ennes qui r\u00e9gissent la collecte et l'utilisation des donn\u00e9es personnelles de ses utilisateurs.<\/p>\n<p>Almanimal, par cons\u00e9quent, respecte strictement le RGPD (R\u00e8glement g\u00e9n\u00e9ral sur la protection des donn\u00e9es (UE) 2016\/679) et la LSSI-CE (Loi 34\/2002, du 11 juillet, sur les services de la soci\u00e9t\u00e9 de l'information et le commerce \u00e9lectronique).<\/p>\n<h2>Conditions g\u00e9n\u00e9rales d'utilisation<\/h2>\n<p>Les pr\u00e9sentes conditions g\u00e9n\u00e9rales r\u00e9gissent l'utilisation (y compris le simple acc\u00e8s) des pages qui composent Almanimal, y compris les contenus et les services qui y sont disponibles. Toute personne acc\u00e9dant \u00e0 Almanimal accepte d'\u00eatre soumise aux conditions g\u00e9n\u00e9rales en vigueur \u00e0 un moment donn\u00e9.<\/p>\n<h2>Donn\u00e9es personnelles que nous collectons et comment nous les collectons<\/h2>\n<p>Vous pouvez lire notre\u00a0<a href=\"https:\/\/almanimal.com\/fr\/politique-de-confidentialite\/\">Politique de confidentialit\u00e9<\/a>.<\/p>\n<h2>Engagements et obligations<\/h2>\n<p>L'utilisateur est inform\u00e9 et accepte que l'acc\u00e8s \u00e0 Almanimal n'implique en aucun cas le d\u00e9but d'une relation commerciale avec Fresneda Consulting Limited, de sorte que l'utilisateur s'engage \u00e0 utiliser Almanimal, ses services et ses contenus sans contrevenir \u00e0 la l\u00e9gislation en vigueur, \u00e0 la bonne foi et \u00e0 l'ordre public.<\/p>\n<p>Il est interdit d'utiliser Almanimal \u00e0 des fins illicites ou nuisibles, ou d'une mani\u00e8re qui pourrait causer des dommages ou emp\u00eacher le fonctionnement normal d'Almanimal.<\/p>\n<p><strong>En ce qui concerne le contenu, il est interdit :<\/strong><\/p>\n<ul>\n<li>Reproduction, distribution ou modification, en tout ou en partie, sans l'autorisation des propri\u00e9taires l\u00e9gitimes.<\/li>\n<li>Toute violation des droits du fournisseur ou des propri\u00e9taires l\u00e9gitimes.<\/li>\n<li>Leur utilisation \u00e0 des fins commerciales ou publicitaires.<\/li>\n<\/ul>\n<p>Dans l'utilisation d'Almanimal, l'utilisateur s'engage \u00e0 ne pas adopter de comportement susceptible de porter atteinte \u00e0 l'image, aux int\u00e9r\u00eats et aux droits de Fresneda Consulting Limited ou de tiers, ou susceptible d'endommager, de rendre inutilisable ou de surcharger Almanimal ou d'emp\u00eacher, de quelque mani\u00e8re que ce soit, son utilisation normale.<\/p>\n<p>Toutefois, l'utilisateur doit \u00eatre conscient que les mesures de s\u00e9curit\u00e9 des syst\u00e8mes informatiques sur Internet ne sont pas enti\u00e8rement fiables et que, par cons\u00e9quent, Fresneda Consulting Limited ne peut garantir 100% l'absence de virus ou d'autres \u00e9l\u00e9ments susceptibles de provoquer des alt\u00e9rations dans les syst\u00e8mes informatiques de l'utilisateur ou dans les documents \u00e9lectroniques et les fichiers qu'ils contiennent.<\/p>\n<h2>Mesures de s\u00e9curit\u00e9<\/h2>\n<p>Les donn\u00e9es personnelles communiqu\u00e9es par l'utilisateur \u00e0 Fresneda Consulting Limited peuvent \u00eatre stock\u00e9es dans des bases de donn\u00e9es automatis\u00e9es ou non, dont la propri\u00e9t\u00e9 revient exclusivement \u00e0 Fresneda Consulting Limited, qui assume toutes les mesures techniques, organisationnelles et de s\u00e9curit\u00e9 garantissant la confidentialit\u00e9, l'int\u00e9grit\u00e9 et la qualit\u00e9 des informations qui y sont contenues, conform\u00e9ment aux dispositions de la l\u00e9gislation en vigueur en mati\u00e8re de protection des donn\u00e9es.<\/p>\n<p>La communication entre les utilisateurs et Fresneda Consulting Limited utilise un canal s\u00e9curis\u00e9 et les donn\u00e9es transmises sont crypt\u00e9es gr\u00e2ce aux protocoles HTTPS. Nous garantissons ainsi les meilleures conditions de s\u00e9curit\u00e9 pour assurer la confidentialit\u00e9 des utilisateurs.<\/p>\n<h2>Plaintes<\/h2>\n<p>L'utilisateur peut d\u00e9poser une plainte en envoyant un courrier \u00e9lectronique \u00e0 l'adresse suivante\u00a0<strong>info@almanimal.com<\/strong>\u00a0en indiquant vos nom et pr\u00e9nom, et en pr\u00e9cisant les raisons de votre plainte.<\/p>\n<h2>Droits de propri\u00e9t\u00e9 intellectuelle et industrielle<\/h2>\n<p>Conform\u00e9ment aux dispositions de la loi sur la propri\u00e9t\u00e9 intellectuelle, la reproduction, la distribution et la communication publique, y compris la mise \u00e0 disposition, de tout ou partie du contenu de l'Almanimal, \u00e0 des fins commerciales, sur tout support et par tout moyen technique, sans l'autorisation de Fresneda Consulting Limited, sont express\u00e9ment interdites. L'utilisateur s'engage \u00e0 respecter les droits de propri\u00e9t\u00e9 intellectuelle et industrielle de Fresneda Consulting Limited.<\/p>\n<p>L'utilisateur sait et accepte que l'ensemble de l'Almanimal, y compris, mais sans s'y limiter, le texte, le logiciel, le contenu (y compris la structure, la s\u00e9lection, l'arrangement et la pr\u00e9sentation), les podcasts, les photographies, le mat\u00e9riel audiovisuel et les graphiques, est prot\u00e9g\u00e9 par des marques, des droits d'auteur et d'autres droits l\u00e9gitimes, conform\u00e9ment aux trait\u00e9s internationaux auxquels l'Espagne est partie et \u00e0 d'autres droits de propri\u00e9t\u00e9 et lois de l'Espagne.<\/p>\n<p>Si un utilisateur ou un tiers consid\u00e8re qu'il y a eu violation de ses droits l\u00e9gitimes de propri\u00e9t\u00e9 intellectuelle du fait de l'introduction de certains contenus dans Almanimal, il doit en informer Fresneda Consulting Limited :<\/p>\n<ul>\n<li>Les donn\u00e9es personnelles de la personne concern\u00e9e qui est le d\u00e9tenteur des droits pr\u00e9tendument viol\u00e9s, ou indiquer la repr\u00e9sentation en vertu de laquelle elle agit dans le cas o\u00f9 la plainte est d\u00e9pos\u00e9e par un tiers autre que la personne concern\u00e9e.<\/li>\n<li>Indiquer les contenus prot\u00e9g\u00e9s par des droits de propri\u00e9t\u00e9 intellectuelle et leur emplacement dans Almanimal, l'accr\u00e9ditation des droits de propri\u00e9t\u00e9 intellectuelle indiqu\u00e9s et une d\u00e9claration expresse par laquelle l'int\u00e9ress\u00e9 accepte la responsabilit\u00e9 de la v\u00e9racit\u00e9 des informations fournies dans la notification.<\/li>\n<\/ul>\n<h2>Liens externes<\/h2>\n<p>Almanimal propose des liens vers d'autres sites Internet et des contenus appartenant \u00e0 des tiers, tels que<\/p>\n<ul>\n<li>Contenu provenant d'autres m\u00e9dias.<\/li>\n<li>Outils.<\/li>\n<li>Ressources et informations.<\/li>\n<\/ul>\n<p>Le seul but des liens est de donner \u00e0 l'utilisateur la possibilit\u00e9 d'acc\u00e9der \u00e0 ces liens.<\/p>\n<p>Fresneda Consulting Limited n'assume aucune responsabilit\u00e9 quant aux r\u00e9sultats que l'utilisateur peut obtenir en acc\u00e9dant \u00e0 ces liens.<\/p>\n<p>L'utilisateur qui a l'intention d'\u00e9tablir un lien technique entre son site et Almanimal doit obtenir l'autorisation \u00e9crite pr\u00e9alable d'Almanimal. L'\u00e9tablissement du lien n'implique en aucun cas l'existence d'une relation entre Fresneda Consulting Limited et le propri\u00e9taire du site sur lequel le lien est \u00e9tabli, ni l'acceptation ou l'approbation par Fresneda Consulting Limited de son contenu ou de ses services.<\/p>\n<h2>Politique de commentaires<\/h2>\n<p>Dans l'Almanimal, vous pouvez faire des commentaires pour enrichir le contenu et faire des requ\u00eates.<\/p>\n<p>Les commentaires qui ne sont pas en rapport avec le sujet de l'Almanimal, qui incluent de la diffamation, des insultes, des attaques personnelles ou un manque de respect en g\u00e9n\u00e9ral envers l'auteur ou les autres membres ne seront pas accept\u00e9s.<\/p>\n<p>Les commentaires contenant des informations manifestement trompeuses ou fausses, ainsi que les commentaires contenant des informations personnelles, telles que des adresses priv\u00e9es ou des num\u00e9ros de t\u00e9l\u00e9phone, qui enfreignent notre politique de protection des donn\u00e9es, seront \u00e9galement supprim\u00e9s.<\/p>\n<p>Les commentaires cr\u00e9\u00e9s uniquement \u00e0 des fins de promotion d'un autre site web, d'une autre personne ou d'un autre groupe et tout ce qui pourrait \u00eatre consid\u00e9r\u00e9 comme du SPAM en g\u00e9n\u00e9ral ne seront pas pris en consid\u00e9ration.<\/p>\n<p>Les commentaires anonymes ne sont pas autoris\u00e9s, pas plus que les commentaires faits par la m\u00eame personne sous diff\u00e9rents pseudonymes. Les commentaires qui tentent d'imposer un d\u00e9bat ou une position \u00e0 un autre utilisateur ne seront pas autoris\u00e9s.<\/p>\n<h2>Exclusion des garanties et des responsabilit\u00e9s<\/h2>\n<p>Fresneda Consulting Limited n'accorde aucune garantie et n'est en aucun cas responsable des dommages de toute nature qui pourraient \u00eatre caus\u00e9s par :<\/p>\n<ul>\n<li>Le manque de disponibilit\u00e9, de maintenance et de fonctionnement efficace de l'Almanimal, de ses services et de son contenu.<\/li>\n<li>l'existence de virus, de programmes malveillants ou nuisibles dans le contenu.<\/li>\n<li>Utilisation ill\u00e9gale, n\u00e9gligente, frauduleuse ou contraire aux pr\u00e9sentes mentions l\u00e9gales.<\/li>\n<li>le manque de l\u00e9galit\u00e9, de qualit\u00e9, de fiabilit\u00e9, d'utilit\u00e9 et de disponibilit\u00e9 des services fournis par des tiers et mis \u00e0 la disposition des utilisateurs sur Almanimal.<\/li>\n<li>Les dommages pouvant r\u00e9sulter d'une utilisation ill\u00e9gale ou impropre d'Almanimal.<\/li>\n<\/ul>\n<h2>Droit applicable et juridiction<\/h2>\n<p>En g\u00e9n\u00e9ral, les relations entre Fresneda Consulting Limited et les utilisateurs de ses services t\u00e9l\u00e9matiques, pr\u00e9sents dans Almanimal, sont soumises \u00e0 la l\u00e9gislation et \u00e0 la juridiction espagnoles.<\/p>\n<h2>Contact<\/h2>\n<p>Si un utilisateur a des questions sur les pr\u00e9sentes Conditions G\u00e9n\u00e9rales d'Utilisation ou des commentaires sur Almanimal, il peut les adresser \u00e0 <strong>info@almanimal.com<\/strong><\/p>","protected":false},"excerpt":{"rendered":"<p>Informations sur le propri\u00e9taire. Conform\u00e9ment aux dispositions de la loi sur les services de la soci\u00e9t\u00e9 de l&#039;information (LSSI), les utilisateurs d&#039;Almanimal.com (ci-apr\u00e8s \u00ab\u00a0Almanimal\u00a0\u00bb) sont inform\u00e9s des coordonn\u00e9es du propri\u00e9taire de ce site web. Fresneda Consulting Limited, Island Key, East Wall, Dublin, Irlande, CIF IE3590381PH. Dans cet espace, les utilisateurs trouveront\u2026 <a title=\"Avis juridique\" class=\"read-more\" href=\"https:\/\/almanimal.com\/fr\/mentions-legales\/\" aria-label=\"En savoir plus sur Mentions l\u00e9gales\">Lire la suite<\/a><\/p>","protected":false},"author":20,"featured_media":0,"parent":0,"menu_order":0,"comment_status":"closed","ping_status":"closed","template":"","meta":{"footnotes":""},"class_list":["post-2929","page","type-page","status-publish"],"yoast_head":"<!-- This site is optimized with the Yoast SEO plugin v27.5 - https:\/\/yoast.com\/product\/yoast-seo-wordpress\/ -->\n<title>Aviso legal - Almanimal<\/title>\n<meta name=\"robots\" content=\"noindex, follow\" \/>\n<meta property=\"og:locale\" content=\"fr_FR\" \/>\n<meta property=\"og:type\" content=\"article\" \/>\n<meta property=\"og:title\" content=\"Aviso legal - Almanimal\" \/>\n<meta property=\"og:description\" content=\"Datos del propietario Conforme a lo establecido en la Ley de Servicios de la Sociedad de la Informaci\u00f3n (LSSI), se informa a los usuarios de Almanimal.com (en adelante, Almanimal) de los datos del propietario de este sitio web. Fresneda Consulting Limited Island Key, East Wall Dublin, Ireland CIF IE3590381PH En este espacio, los usuarios encontrar\u00e1n ... Lire la suite\" \/>\n<meta property=\"og:url\" content=\"https:\/\/almanimal.com\/fr\/mentions-legales\/\" \/>\n<meta property=\"og:site_name\" content=\"Almanimal\" \/>\n<meta property=\"article:publisher\" content=\"https:\/\/www.facebook.com\/Lugarnia\/\" \/>\n<meta property=\"article:modified_time\" content=\"2020-04-10T11:26:52+00:00\" \/>\n<meta name=\"twitter:card\" content=\"summary_large_image\" \/>\n<meta name=\"twitter:site\" content=\"@lugarnia_\" \/>\n<meta name=\"twitter:label1\" content=\"Dur\u00e9e de lecture estim\u00e9e\" \/>\n\t<meta name=\"twitter:data1\" content=\"7 minutes\" \/>\n<script type=\"application\/ld+json\" class=\"yoast-schema-graph\">{\"@context\":\"https:\\\/\\\/schema.org\",\"@graph\":[{\"@type\":\"WebPage\",\"@id\":\"https:\\\/\\\/almanimal.com\\\/aviso-legal\\\/\",\"url\":\"https:\\\/\\\/almanimal.com\\\/aviso-legal\\\/\",\"name\":\"Aviso legal - Almanimal\",\"isPartOf\":{\"@id\":\"https:\\\/\\\/almanimal.com\\\/#website\"},\"datePublished\":\"2018-05-25T11:53:52+00:00\",\"dateModified\":\"2020-04-10T11:26:52+00:00\",\"breadcrumb\":{\"@id\":\"https:\\\/\\\/almanimal.com\\\/aviso-legal\\\/#breadcrumb\"},\"inLanguage\":\"fr-FR\",\"potentialAction\":[{\"@type\":\"ReadAction\",\"target\":[\"https:\\\/\\\/almanimal.com\\\/aviso-legal\\\/\"]}]},{\"@type\":\"BreadcrumbList\",\"@id\":\"https:\\\/\\\/almanimal.com\\\/aviso-legal\\\/#breadcrumb\",\"itemListElement\":[{\"@type\":\"ListItem\",\"position\":1,\"name\":\"Inicio\",\"item\":\"https:\\\/\\\/almanimal.com\\\/\"},{\"@type\":\"ListItem\",\"position\":2,\"name\":\"Aviso legal\"}]},{\"@type\":\"WebSite\",\"@id\":\"https:\\\/\\\/almanimal.com\\\/#website\",\"url\":\"https:\\\/\\\/almanimal.com\\\/\",\"name\":\"Almanimal\",\"description\":\"Revista de animales donde hablamos sobre perros, gatos, aves, peque\u00f1os mam\u00edferos, acuarios, terrarios y curiosidades del mundo animal.\",\"publisher\":{\"@id\":\"https:\\\/\\\/almanimal.com\\\/#organization\"},\"potentialAction\":[{\"@type\":\"SearchAction\",\"target\":{\"@type\":\"EntryPoint\",\"urlTemplate\":\"https:\\\/\\\/almanimal.com\\\/?s={search_term_string}\"},\"query-input\":{\"@type\":\"PropertyValueSpecification\",\"valueRequired\":true,\"valueName\":\"search_term_string\"}}],\"inLanguage\":\"fr-FR\"},{\"@type\":\"Organization\",\"@id\":\"https:\\\/\\\/almanimal.com\\\/#organization\",\"name\":\"Almanimal\",\"url\":\"https:\\\/\\\/almanimal.com\\\/\",\"logo\":{\"@type\":\"ImageObject\",\"inLanguage\":\"fr-FR\",\"@id\":\"https:\\\/\\\/almanimal.com\\\/#\\\/schema\\\/logo\\\/image\\\/\",\"url\":\"https:\\\/\\\/i2.wp.com\\\/almanimal.com\\\/wp-content\\\/uploads\\\/2019\\\/10\\\/almanimal_logo-nav-3.png?fit=400%2C100&ssl=1\",\"contentUrl\":\"https:\\\/\\\/i2.wp.com\\\/almanimal.com\\\/wp-content\\\/uploads\\\/2019\\\/10\\\/almanimal_logo-nav-3.png?fit=400%2C100&ssl=1\",\"width\":400,\"height\":100,\"caption\":\"Almanimal\"},\"image\":{\"@id\":\"https:\\\/\\\/almanimal.com\\\/#\\\/schema\\\/logo\\\/image\\\/\"},\"sameAs\":[\"https:\\\/\\\/www.facebook.com\\\/Lugarnia\\\/\",\"https:\\\/\\\/x.com\\\/lugarnia_\",\"https:\\\/\\\/www.instagram.com\\\/lugarnia\\\/\"]}]}<\/script>\n<!-- \/ Yoast SEO plugin. -->","yoast_head_json":{"title":"Aviso legal - Almanimal","robots":{"index":"noindex","follow":"follow"},"og_locale":"fr_FR","og_type":"article","og_title":"Aviso legal - Almanimal","og_description":"Datos del propietario Conforme a lo establecido en la Ley de Servicios de la Sociedad de la Informaci\u00f3n (LSSI), se informa a los usuarios de Almanimal.com (en adelante, Almanimal) de los datos del propietario de este sitio web. Fresneda Consulting Limited Island Key, East Wall Dublin, Ireland CIF IE3590381PH En este espacio, los usuarios encontrar\u00e1n ... Lire la suite","og_url":"https:\/\/almanimal.com\/fr\/mentions-legales\/","og_site_name":"Almanimal","article_publisher":"https:\/\/www.facebook.com\/Lugarnia\/","article_modified_time":"2020-04-10T11:26:52+00:00","twitter_card":"summary_large_image","twitter_site":"@lugarnia_","twitter_misc":{"Dur\u00e9e de lecture estim\u00e9e":"7 minutes"},"schema":{"@context":"https:\/\/schema.org","@graph":[{"@type":"WebPage","@id":"https:\/\/almanimal.com\/aviso-legal\/","url":"https:\/\/almanimal.com\/aviso-legal\/","name":"Aviso legal - Almanimal","isPartOf":{"@id":"https:\/\/almanimal.com\/#website"},"datePublished":"2018-05-25T11:53:52+00:00","dateModified":"2020-04-10T11:26:52+00:00","breadcrumb":{"@id":"https:\/\/almanimal.com\/aviso-legal\/#breadcrumb"},"inLanguage":"fr-FR","potentialAction":[{"@type":"ReadAction","target":["https:\/\/almanimal.com\/aviso-legal\/"]}]},{"@type":"BreadcrumbList","@id":"https:\/\/almanimal.com\/aviso-legal\/#breadcrumb","itemListElement":[{"@type":"ListItem","position":1,"name":"Inicio","item":"https:\/\/almanimal.com\/"},{"@type":"ListItem","position":2,"name":"Aviso legal"}]},{"@type":"WebSite","@id":"https:\/\/almanimal.com\/#website","url":"https:\/\/almanimal.com\/","name":"Almanimal","description":"Revista de animales donde hablamos sobre perros, gatos, aves, peque\u00f1os mam\u00edferos, acuarios, terrarios y curiosidades del mundo animal.","publisher":{"@id":"https:\/\/almanimal.com\/#organization"},"potentialAction":[{"@type":"SearchAction","target":{"@type":"EntryPoint","urlTemplate":"https:\/\/almanimal.com\/?s={search_term_string}"},"query-input":{"@type":"PropertyValueSpecification","valueRequired":true,"valueName":"search_term_string"}}],"inLanguage":"fr-FR"},{"@type":"Organization","@id":"https:\/\/almanimal.com\/#organization","name":"Almanimal","url":"https:\/\/almanimal.com\/","logo":{"@type":"ImageObject","inLanguage":"fr-FR","@id":"https:\/\/almanimal.com\/#\/schema\/logo\/image\/","url":"https:\/\/i2.wp.com\/almanimal.com\/wp-content\/uploads\/2019\/10\/almanimal_logo-nav-3.png?fit=400%2C100&ssl=1","contentUrl":"https:\/\/i2.wp.com\/almanimal.com\/wp-content\/uploads\/2019\/10\/almanimal_logo-nav-3.png?fit=400%2C100&ssl=1","width":400,"height":100,"caption":"Almanimal"},"image":{"@id":"https:\/\/almanimal.com\/#\/schema\/logo\/image\/"},"sameAs":["https:\/\/www.facebook.com\/Lugarnia\/","https:\/\/x.com\/lugarnia_","https:\/\/www.instagram.com\/lugarnia\/"]}]}},"_links":{"self":[{"href":"https:\/\/almanimal.com\/fr\/wp-json\/wp\/v2\/pages\/2929","targetHints":{"allow":["GET"]}}],"collection":[{"href":"https:\/\/almanimal.com\/fr\/wp-json\/wp\/v2\/pages"}],"about":[{"href":"https:\/\/almanimal.com\/fr\/wp-json\/wp\/v2\/types\/page"}],"author":[{"embeddable":true,"href":"https:\/\/almanimal.com\/fr\/wp-json\/wp\/v2\/users\/20"}],"replies":[{"embeddable":true,"href":"https:\/\/almanimal.com\/fr\/wp-json\/wp\/v2\/comments?post=2929"}],"version-history":[{"count":0,"href":"https:\/\/almanimal.com\/fr\/wp-json\/wp\/v2\/pages\/2929\/revisions"}],"wp:attachment":[{"href":"https:\/\/almanimal.com\/fr\/wp-json\/wp\/v2\/media?parent=2929"}],"curies":[{"name":"wp","href":"https:\/\/api.w.org\/{rel}","templated":true}]}}