{"id":76,"date":"2017-06-02T13:37:48","date_gmt":"2017-06-02T11:37:48","guid":{"rendered":"https:\/\/almanimal.com\/?page_id=76"},"modified":"2025-02-21T17:19:27","modified_gmt":"2025-02-21T16:19:27","slug":"contact","status":"publish","type":"page","link":"https:\/\/almanimal.com\/fr\/contact\/","title":{"rendered":"Contact"},"content":{"rendered":"<div data-elementor-type=\"wp-page\" data-elementor-id=\"76\" class=\"elementor elementor-76\" data-elementor-post-type=\"page\">\n\t\t\t\t\t\t<section class=\"elementor-section elementor-top-section elementor-element elementor-element-23326055 elementor-section-boxed elementor-section-height-default elementor-section-height-default\" data-id=\"23326055\" data-element_type=\"section\" data-e-type=\"section\" data-settings=\"{&quot;jet_parallax_layout_list&quot;:[]}\">\n\t\t\t\t\t\t<div class=\"elementor-container elementor-column-gap-default\">\n\t\t\t\t\t<div class=\"elementor-column elementor-col-100 elementor-top-column elementor-element elementor-element-5591cc3f\" data-id=\"5591cc3f\" data-element_type=\"column\" data-e-type=\"column\">\n\t\t\t<div class=\"elementor-widget-wrap elementor-element-populated\">\n\t\t\t\t\t\t<div class=\"elementor-element elementor-element-45acb03f elementor-widget elementor-widget-heading\" data-id=\"45acb03f\" data-element_type=\"widget\" data-e-type=\"widget\" data-widget_type=\"heading.default\">\n\t\t\t\t<div class=\"elementor-widget-container\">\n\t\t\t\t\t<h2 class=\"elementor-heading-title elementor-size-default\">Contacter notre \u00e9quipe<\/h2>\t\t\t\t<\/div>\n\t\t\t\t<\/div>\n\t\t\t\t<div class=\"elementor-element elementor-element-6625ded2 elementor-widget elementor-widget-text-editor\" data-id=\"6625ded2\" data-element_type=\"widget\" data-e-type=\"widget\" data-widget_type=\"text-editor.default\">\n\t\t\t\t<div class=\"elementor-widget-container\">\n\t\t\t\t\t\t\t\t\t<p>Vous pouvez contacter l'\u00e9quipe d'Almanimal en remplissant le formulaire suivant. Nous vous contacterons dans les plus brefs d\u00e9lais.<\/p>\t\t\t\t\t\t\t\t<\/div>\n\t\t\t\t<\/div>\n\t\t\t\t<div class=\"elementor-element elementor-element-34be26ce elementor-button-align-start elementor-widget elementor-widget-form\" data-id=\"34be26ce\" data-element_type=\"widget\" data-e-type=\"widget\" data-settings=\"{&quot;step_next_label&quot;:&quot;Siguiente&quot;,&quot;step_previous_label&quot;:&quot;Anterior&quot;,&quot;button_width&quot;:&quot;100&quot;,&quot;step_type&quot;:&quot;number_text&quot;,&quot;step_icon_shape&quot;:&quot;circle&quot;}\" data-widget_type=\"form.default\">\n\t\t\t\t<div class=\"elementor-widget-container\">\n\t\t\t\t\t\t\t<form class=\"elementor-form\" method=\"post\" name=\"Nuevo Formulario\" action=\"\">\n\t\t\t<input type=\"hidden\" name=\"post_id\" value=\"76\"\/>\n\t\t\t<input type=\"hidden\" name=\"form_id\" value=\"34be26ce\"\/>\n\t\t\t<input type=\"hidden\" name=\"referer_title\" value=\"Contacto - Almanimal\" \/>\n\n\t\t\t\t\t\t\t<input type=\"hidden\" name=\"queried_id\" value=\"76\"\/>\n\t\t\t\n\t\t\t<div class=\"elementor-form-fields-wrapper elementor-labels-\">\n\t\t\t\t\t\t\t\t<div class=\"elementor-field-type-text elementor-field-group elementor-column elementor-field-group-name elementor-col-100\">\n\t\t\t\t\t\t\t\t\t\t\t\t<label for=\"form-field-name\" class=\"elementor-field-label elementor-screen-only\">\n\t\t\t\t\t\t\t\tNom\t\t\t\t\t\t\t<\/label>\n\t\t\t\t\t\t\t\t\t\t\t\t\t\t<input size=\"1\" type=\"text\" name=\"form_fields[name]\" id=\"form-field-name\" class=\"elementor-field elementor-size-md  elementor-field-textual\" placeholder=\"Nom\">\n\t\t\t\t\t\t\t\t\t\t\t<\/div>\n\t\t\t\t\t\t\t\t<div class=\"elementor-field-type-email elementor-field-group elementor-column elementor-field-group-email elementor-col-100 elementor-field-required\">\n\t\t\t\t\t\t\t\t\t\t\t\t<label for=\"form-field-email\" class=\"elementor-field-label elementor-screen-only\">\n\t\t\t\t\t\t\t\tCourriel\t\t\t\t\t\t\t<\/label>\n\t\t\t\t\t\t\t\t\t\t\t\t\t\t<input size=\"1\" type=\"email\" name=\"form_fields[email]\" id=\"form-field-email\" class=\"elementor-field elementor-size-md  elementor-field-textual\" placeholder=\"Courriel\" required=\"required\">\n\t\t\t\t\t\t\t\t\t\t\t<\/div>\n\t\t\t\t\t\t\t\t<div class=\"elementor-field-type-text elementor-field-group elementor-column elementor-field-group-field_0ab07ab elementor-col-100 elementor-field-required\">\n\t\t\t\t\t\t\t\t\t\t\t\t<label for=\"form-field-field_0ab07ab\" class=\"elementor-field-label elementor-screen-only\">\n\t\t\t\t\t\t\t\tSujet\t\t\t\t\t\t\t<\/label>\n\t\t\t\t\t\t\t\t\t\t\t\t\t\t<input size=\"1\" type=\"text\" name=\"form_fields[field_0ab07ab]\" id=\"form-field-field_0ab07ab\" class=\"elementor-field elementor-size-md  elementor-field-textual\" placeholder=\"Sujet\" required=\"required\">\n\t\t\t\t\t\t\t\t\t\t\t<\/div>\n\t\t\t\t\t\t\t\t<div class=\"elementor-field-type-textarea elementor-field-group elementor-column elementor-field-group-message elementor-col-100\">\n\t\t\t\t\t\t\t\t\t\t\t\t<label for=\"form-field-message\" class=\"elementor-field-label elementor-screen-only\">\n\t\t\t\t\t\t\t\tMessage\t\t\t\t\t\t\t<\/label>\n\t\t\t\t\t\t<textarea class=\"elementor-field-textual elementor-field  elementor-size-md\" name=\"form_fields[message]\" id=\"form-field-message\" rows=\"4\" placeholder=\"Message\"><\/textarea>\t\t\t\t<\/div>\n\t\t\t\t\t\t\t\t<div class=\"elementor-field-type-recaptcha_v3 elementor-field-group elementor-column elementor-field-group-field_c19e75a elementor-col-100 recaptcha_v3-bottomright\">\n\t\t\t\t\t<div class=\"elementor-field\" id=\"form-field-field_c19e75a\"><div class=\"elementor-g-recaptcha\" data-sitekey=\"6LeHU-oUAAAAAKsPSv9LX2hZsxIAu18kL7YjG9Nh\" data-type=\"v3\" data-action=\"Form\" data-badge=\"bottomright\" data-size=\"invisible\"><\/div><\/div>\t\t\t\t<\/div>\n\t\t\t\t\t\t\t\t<div class=\"elementor-field-group elementor-column elementor-field-type-submit elementor-col-100 e-form__buttons\">\n\t\t\t\t\t<button class=\"elementor-button elementor-size-md\" type=\"submit\">\n\t\t\t\t\t\t<span class=\"elementor-button-content-wrapper\">\n\t\t\t\t\t\t\t\t\t\t\t\t\t\t\t\t\t\t\t\t\t\t<span class=\"elementor-button-text\">ENVOYER<\/span>\n\t\t\t\t\t\t\t\t\t\t\t\t\t<\/span>\n\t\t\t\t\t<\/button>\n\t\t\t\t<\/div>\n\t\t\t<\/div>\n\t\t<input type=\"hidden\" name=\"trp-form-language\" value=\"fr\"\/><\/form>\n\t\t\t\t\t\t<\/div>\n\t\t\t\t<\/div>\n\t\t\t\t\t<\/div>\n\t\t<\/div>\n\t\t\t\t\t<\/div>\n\t\t<\/section>\n\t\t\t\t<\/div>","protected":false},"excerpt":{"rendered":"<p>Contactez notre \u00e9quipe. Vous pouvez contacter l&#039;\u00e9quipe d&#039;Almanimal en remplissant le formulaire suivant. Nous vous contacterons dans les plus brefs d\u00e9lais.<\/p>","protected":false},"author":20,"featured_media":0,"parent":0,"menu_order":0,"comment_status":"closed","ping_status":"closed","template":"elementor_header_footer","meta":{"footnotes":""},"class_list":["post-76","page","type-page","status-publish"],"yoast_head":"<!-- This site is optimized with the Yoast SEO plugin v27.4 - https:\/\/yoast.com\/product\/yoast-seo-wordpress\/ -->\n<title>Contacto - Almanimal<\/title>\n<meta name=\"robots\" content=\"noindex, follow\" \/>\n<meta property=\"og:locale\" content=\"fr_FR\" \/>\n<meta property=\"og:type\" content=\"article\" \/>\n<meta property=\"og:title\" content=\"Contacto - Almanimal\" \/>\n<meta property=\"og:description\" content=\"Contacta con nuestro equipo Puedes contactar con el equipo de Almanimal rellenando el siguiente formulario. Nos pondremos en contacto contigo en la mayor brevedad posible.\" \/>\n<meta property=\"og:url\" content=\"https:\/\/almanimal.com\/fr\/contact\/\" \/>\n<meta property=\"og:site_name\" content=\"Almanimal\" \/>\n<meta property=\"article:publisher\" content=\"https:\/\/www.facebook.com\/Lugarnia\/\" \/>\n<meta property=\"article:modified_time\" content=\"2025-02-21T16:19:27+00:00\" \/>\n<meta name=\"twitter:card\" content=\"summary_large_image\" \/>\n<meta name=\"twitter:site\" content=\"@lugarnia_\" \/>\n<meta name=\"twitter:label1\" content=\"Dur\u00e9e de lecture estim\u00e9e\" \/>\n\t<meta name=\"twitter:data1\" content=\"1 minute\" \/>\n<script type=\"application\/ld+json\" class=\"yoast-schema-graph\">{\"@context\":\"https:\\\/\\\/schema.org\",\"@graph\":[{\"@type\":\"WebPage\",\"@id\":\"https:\\\/\\\/almanimal.com\\\/contacto\\\/\",\"url\":\"https:\\\/\\\/almanimal.com\\\/contacto\\\/\",\"name\":\"Contacto - Almanimal\",\"isPartOf\":{\"@id\":\"https:\\\/\\\/almanimal.com\\\/#website\"},\"datePublished\":\"2017-06-02T11:37:48+00:00\",\"dateModified\":\"2025-02-21T16:19:27+00:00\",\"breadcrumb\":{\"@id\":\"https:\\\/\\\/almanimal.com\\\/contacto\\\/#breadcrumb\"},\"inLanguage\":\"fr-FR\",\"potentialAction\":[{\"@type\":\"ReadAction\",\"target\":[\"https:\\\/\\\/almanimal.com\\\/contacto\\\/\"]}]},{\"@type\":\"BreadcrumbList\",\"@id\":\"https:\\\/\\\/almanimal.com\\\/contacto\\\/#breadcrumb\",\"itemListElement\":[{\"@type\":\"ListItem\",\"position\":1,\"name\":\"Inicio\",\"item\":\"https:\\\/\\\/almanimal.com\\\/\"},{\"@type\":\"ListItem\",\"position\":2,\"name\":\"Contacto\"}]},{\"@type\":\"WebSite\",\"@id\":\"https:\\\/\\\/almanimal.com\\\/#website\",\"url\":\"https:\\\/\\\/almanimal.com\\\/\",\"name\":\"Almanimal\",\"description\":\"Revista de animales donde hablamos sobre perros, gatos, aves, peque\u00f1os mam\u00edferos, acuarios, terrarios y curiosidades del mundo animal.\",\"publisher\":{\"@id\":\"https:\\\/\\\/almanimal.com\\\/#organization\"},\"potentialAction\":[{\"@type\":\"SearchAction\",\"target\":{\"@type\":\"EntryPoint\",\"urlTemplate\":\"https:\\\/\\\/almanimal.com\\\/?s={search_term_string}\"},\"query-input\":{\"@type\":\"PropertyValueSpecification\",\"valueRequired\":true,\"valueName\":\"search_term_string\"}}],\"inLanguage\":\"fr-FR\"},{\"@type\":\"Organization\",\"@id\":\"https:\\\/\\\/almanimal.com\\\/#organization\",\"name\":\"Almanimal\",\"url\":\"https:\\\/\\\/almanimal.com\\\/\",\"logo\":{\"@type\":\"ImageObject\",\"inLanguage\":\"fr-FR\",\"@id\":\"https:\\\/\\\/almanimal.com\\\/#\\\/schema\\\/logo\\\/image\\\/\",\"url\":\"https:\\\/\\\/i2.wp.com\\\/almanimal.com\\\/wp-content\\\/uploads\\\/2019\\\/10\\\/almanimal_logo-nav-3.png?fit=400%2C100&ssl=1\",\"contentUrl\":\"https:\\\/\\\/i2.wp.com\\\/almanimal.com\\\/wp-content\\\/uploads\\\/2019\\\/10\\\/almanimal_logo-nav-3.png?fit=400%2C100&ssl=1\",\"width\":400,\"height\":100,\"caption\":\"Almanimal\"},\"image\":{\"@id\":\"https:\\\/\\\/almanimal.com\\\/#\\\/schema\\\/logo\\\/image\\\/\"},\"sameAs\":[\"https:\\\/\\\/www.facebook.com\\\/Lugarnia\\\/\",\"https:\\\/\\\/x.com\\\/lugarnia_\",\"https:\\\/\\\/www.instagram.com\\\/lugarnia\\\/\"]}]}<\/script>\n<!-- \/ Yoast SEO plugin. -->","yoast_head_json":{"title":"Contacto - Almanimal","robots":{"index":"noindex","follow":"follow"},"og_locale":"fr_FR","og_type":"article","og_title":"Contacto - Almanimal","og_description":"Contacta con nuestro equipo Puedes contactar con el equipo de Almanimal rellenando el siguiente formulario. Nos pondremos en contacto contigo en la mayor brevedad posible.","og_url":"https:\/\/almanimal.com\/fr\/contact\/","og_site_name":"Almanimal","article_publisher":"https:\/\/www.facebook.com\/Lugarnia\/","article_modified_time":"2025-02-21T16:19:27+00:00","twitter_card":"summary_large_image","twitter_site":"@lugarnia_","twitter_misc":{"Dur\u00e9e de lecture estim\u00e9e":"1 minute"},"schema":{"@context":"https:\/\/schema.org","@graph":[{"@type":"WebPage","@id":"https:\/\/almanimal.com\/contacto\/","url":"https:\/\/almanimal.com\/contacto\/","name":"Contacto - Almanimal","isPartOf":{"@id":"https:\/\/almanimal.com\/#website"},"datePublished":"2017-06-02T11:37:48+00:00","dateModified":"2025-02-21T16:19:27+00:00","breadcrumb":{"@id":"https:\/\/almanimal.com\/contacto\/#breadcrumb"},"inLanguage":"fr-FR","potentialAction":[{"@type":"ReadAction","target":["https:\/\/almanimal.com\/contacto\/"]}]},{"@type":"BreadcrumbList","@id":"https:\/\/almanimal.com\/contacto\/#breadcrumb","itemListElement":[{"@type":"ListItem","position":1,"name":"Inicio","item":"https:\/\/almanimal.com\/"},{"@type":"ListItem","position":2,"name":"Contacto"}]},{"@type":"WebSite","@id":"https:\/\/almanimal.com\/#website","url":"https:\/\/almanimal.com\/","name":"Almanimal","description":"Revista de animales donde hablamos sobre perros, gatos, aves, peque\u00f1os mam\u00edferos, acuarios, terrarios y curiosidades del mundo animal.","publisher":{"@id":"https:\/\/almanimal.com\/#organization"},"potentialAction":[{"@type":"SearchAction","target":{"@type":"EntryPoint","urlTemplate":"https:\/\/almanimal.com\/?s={search_term_string}"},"query-input":{"@type":"PropertyValueSpecification","valueRequired":true,"valueName":"search_term_string"}}],"inLanguage":"fr-FR"},{"@type":"Organization","@id":"https:\/\/almanimal.com\/#organization","name":"Almanimal","url":"https:\/\/almanimal.com\/","logo":{"@type":"ImageObject","inLanguage":"fr-FR","@id":"https:\/\/almanimal.com\/#\/schema\/logo\/image\/","url":"https:\/\/i2.wp.com\/almanimal.com\/wp-content\/uploads\/2019\/10\/almanimal_logo-nav-3.png?fit=400%2C100&ssl=1","contentUrl":"https:\/\/i2.wp.com\/almanimal.com\/wp-content\/uploads\/2019\/10\/almanimal_logo-nav-3.png?fit=400%2C100&ssl=1","width":400,"height":100,"caption":"Almanimal"},"image":{"@id":"https:\/\/almanimal.com\/#\/schema\/logo\/image\/"},"sameAs":["https:\/\/www.facebook.com\/Lugarnia\/","https:\/\/x.com\/lugarnia_","https:\/\/www.instagram.com\/lugarnia\/"]}]}},"_links":{"self":[{"href":"https:\/\/almanimal.com\/fr\/wp-json\/wp\/v2\/pages\/76","targetHints":{"allow":["GET"]}}],"collection":[{"href":"https:\/\/almanimal.com\/fr\/wp-json\/wp\/v2\/pages"}],"about":[{"href":"https:\/\/almanimal.com\/fr\/wp-json\/wp\/v2\/types\/page"}],"author":[{"embeddable":true,"href":"https:\/\/almanimal.com\/fr\/wp-json\/wp\/v2\/users\/20"}],"replies":[{"embeddable":true,"href":"https:\/\/almanimal.com\/fr\/wp-json\/wp\/v2\/comments?post=76"}],"version-history":[{"count":8,"href":"https:\/\/almanimal.com\/fr\/wp-json\/wp\/v2\/pages\/76\/revisions"}],"predecessor-version":[{"id":22294,"href":"https:\/\/almanimal.com\/fr\/wp-json\/wp\/v2\/pages\/76\/revisions\/22294"}],"wp:attachment":[{"href":"https:\/\/almanimal.com\/fr\/wp-json\/wp\/v2\/media?parent=76"}],"curies":[{"name":"wp","href":"https:\/\/api.w.org\/{rel}","templated":true}]}}